{"id":421,"date":"2023-02-06T13:16:50","date_gmt":"2023-02-06T13:16:50","guid":{"rendered":"https:\/\/marcella.be\/?page_id=421"},"modified":"2023-02-06T13:30:41","modified_gmt":"2023-02-06T13:30:41","slug":"marcella-3","status":"publish","type":"page","link":"https:\/\/marcella.be\/fr\/depart-et-prix\/marcella-3\/","title":{"rendered":"Marcella 3"},"content":{"rendered":"\n  <div id=\"page-header-1706375376\" class=\"page-header-wrapper\">\n  <div class=\"page-title dark featured-title\">\n\n        <div class=\"page-title-bg\">\n      <div class=\"title-bg fill bg-fill\"\n        data-parallax-container=\".page-title\"\n        data-parallax-background\n        data-parallax=\"-\">\n      <\/div>\n      <div class=\"title-overlay fill\"><\/div>\n    <\/div>\n    \n    <div class=\"page-title-inner container align-center text-center flex-row-col medium-flex-wrap\" >\n              <div class=\"title-wrapper flex-col\">\n          <h1 class=\"entry-title mb-0\">\n            Marcella 3          <\/h1>\n        <\/div>\n                    <div class=\"title-content flex-col\">\n        <ul class=\"nav sm-touch-scroll nav-line-bottom nav-uppercase text-center nav-center\"><li class=\"nav-single-page hidden\"><\/li><\/ul>      <\/div>\n    <\/div>\n\n     \n<style>\n#page-header-1706375376 .page-title-inner {\n  min-height: 200px;\n}\n#page-header-1706375376 .title-bg {\n  background-image: url(https:\/\/marcella.be\/wp-content\/uploads\/2020\/03\/017.jpg);\n  background-position: 56% 34%;\n}\n#page-header-1706375376 .title-overlay {\n  background-color: rgba(0, 0, 0, 0.82);\n}\n<\/style>\n  <\/div>\n    <\/div>\n  \n\n<span class=\"scroll-to\" data-label=\"Scroll to: #heures\" data-bullet=\"true\" data-link=\"#heures\" data-title=\"Heures de d\u00e9part\"><a name=\"heures\"><\/a><\/span>\n\n\t<section class=\"section\" id=\"section_240329492\">\n\t\t<div class=\"bg section-bg fill bg-fill  bg-loaded\" >\n\n\t\t\t\n\t\t\t\n\t\t\t\n\n\t\t<\/div>\n\n\t\t<div class=\"section-content relative\">\n\t\t\t\n\n\t<div id=\"gap-1078816813\" class=\"gap-element clearfix\" style=\"display:block; height:auto;\">\n\t\t\n<style>\n#gap-1078816813 {\n  padding-top: 37px;\n}\n<\/style>\n\t<\/div>\n\t\n\n<div class=\"row align-middle align-center\"  id=\"row-1745611230\">\n\n\n\t<div id=\"col-1380995186\" class=\"col medium-7 small-12 large-7\"  >\n\t\t\t\t<div class=\"col-inner text-center\"  >\n\t\t\t\n\t\t\t\n\n<h1>Heures <span data-text-color=\"secondary\"> de d\u00e9part<\/span><\/h1>\n\n\t\t<\/div>\n\t\t\t\t\t<\/div>\n\n\t\n\n<\/div>\n<div class=\"row align-center\"  id=\"row-1462319477\">\n\n\n\t<div id=\"col-1623539914\" class=\"col medium-5 small-12 large-5\"  >\n\t\t\t\t<div class=\"col-inner\"  >\n\t\t\t\n\t\t\t\n\n\n\t\t<div class=\"icon-box featured-box icon-box-center text-center\"  >\n\t\t\t\t\t<div class=\"icon-box-img has-icon-bg\" style=\"width: 110px\">\n\t\t\t\t<div class=\"icon\">\n\t\t\t\t\t<div class=\"icon-inner\" style=\"border-width:2px;\">\n\t\t\t\t\t\t<img loading=\"lazy\" decoding=\"async\" width=\"400\" height=\"400\" src=\"https:\/\/marcella.be\/wp-content\/uploads\/2020\/03\/hourglass-400x400.png\" class=\"attachment-medium size-medium\" alt=\"\" srcset=\"https:\/\/marcella.be\/wp-content\/uploads\/2020\/03\/hourglass-400x400.png 400w, https:\/\/marcella.be\/wp-content\/uploads\/2020\/03\/hourglass-280x280.png 280w, https:\/\/marcella.be\/wp-content\/uploads\/2020\/03\/hourglass-300x300.png 300w, https:\/\/marcella.be\/wp-content\/uploads\/2020\/03\/hourglass-100x100.png 100w, https:\/\/marcella.be\/wp-content\/uploads\/2020\/03\/hourglass.png 512w\" sizes=\"auto, (max-width: 400px) 100vw, 400px\" \/>\t\t\t\t\t<\/div>\n\t\t\t\t<\/div>\n\t\t\t<\/div>\n\t\t\t\t<div class=\"icon-box-text last-reset\">\n\t\t\t<h5 class=\"uppercase\">journ\u00e9e compl\u00e9te<\/h5>\t\t\t\t\t\t\n\n<p><strong>D\u00e9part de:<\/strong> 8h00 (pr\u00e9sence 07h30)<br \/>\n<strong>Retour:<\/strong> 16h00 \/ 17h00<\/p>\n\n\t\t<\/div>\n\t<\/div>\n\t\n\t\n\n\t\t<\/div>\n\t\t\t\t\t<\/div>\n\n\t\n\n\t<div id=\"col-503635696\" class=\"col medium-5 small-12 large-5\"  >\n\t\t\t\t<div class=\"col-inner\"  >\n\t\t\t\n\t\t\t\n\n\n\t\t<div class=\"icon-box featured-box icon-box-center text-center\"  >\n\t\t\t\t\t<div class=\"icon-box-img has-icon-bg\" style=\"width: 110px\">\n\t\t\t\t<div class=\"icon\">\n\t\t\t\t\t<div class=\"icon-inner\" style=\"border-width:2px;\">\n\t\t\t\t\t\t<img loading=\"lazy\" decoding=\"async\" width=\"400\" height=\"400\" src=\"https:\/\/marcella.be\/wp-content\/uploads\/2020\/03\/hourglass-1-400x400.png\" class=\"attachment-medium size-medium\" alt=\"\" srcset=\"https:\/\/marcella.be\/wp-content\/uploads\/2020\/03\/hourglass-1-400x400.png 400w, https:\/\/marcella.be\/wp-content\/uploads\/2020\/03\/hourglass-1-280x280.png 280w, https:\/\/marcella.be\/wp-content\/uploads\/2020\/03\/hourglass-1-300x300.png 300w, https:\/\/marcella.be\/wp-content\/uploads\/2020\/03\/hourglass-1-100x100.png 100w, https:\/\/marcella.be\/wp-content\/uploads\/2020\/03\/hourglass-1.png 512w\" sizes=\"auto, (max-width: 400px) 100vw, 400px\" \/>\t\t\t\t\t<\/div>\n\t\t\t\t<\/div>\n\t\t\t<\/div>\n\t\t\t\t<div class=\"icon-box-text last-reset\">\n\t\t\t<h5 class=\"uppercase\">DEMI JOURS<\/h5>\t\t\t\t\t\t\n\n<p>08h00 &#8211; 12h00<br \/>\n13h00 &#8211; 17h00<br \/>\n(demi journ\u00e9e..tout l\u2019annee en semaine.. 45 \u20acp.p. \u2013 10 % bateau complet).<\/p>\n\n\t\t<\/div>\n\t<\/div>\n\t\n\t\n\n\t\t<\/div>\n\t\t\t\t\t<\/div>\n\n\t\n\n<\/div>\n\n\t\t<\/div>\n\n\t\t\n<style>\n#section_240329492 {\n  padding-top: 40px;\n  padding-bottom: 40px;\n}\n<\/style>\n\t<\/section>\n\t\n<span class=\"scroll-to\" data-label=\"Scroll to: #enfants\" data-bullet=\"true\" data-link=\"#enfants\" data-title=\"Enfants\"><a name=\"enfants\"><\/a><\/span>\n\n\t<section class=\"section dark\" id=\"section_1096107654\">\n\t\t<div class=\"bg section-bg fill bg-fill  bg-loaded\" >\n\n\t\t\t\n\t\t\t\n\t\t\t\n\n\t\t<\/div>\n\n\t\t<div class=\"section-content relative\">\n\t\t\t\n\n\t<div id=\"gap-855480221\" class=\"gap-element clearfix\" style=\"display:block; height:auto;\">\n\t\t\n<style>\n#gap-855480221 {\n  padding-top: 31px;\n}\n<\/style>\n\t<\/div>\n\t\n\n<div class=\"row align-center\"  id=\"row-396745137\">\n\n\n\t<div id=\"col-1602274349\" class=\"col medium-7 small-12 large-7\"  >\n\t\t\t\t<div class=\"col-inner text-center\"  >\n\t\t\t\n\t\t\t\n\n<h1>Enfants<\/h1>\n<p>Les enfants sont accepter a partir de 10 ans &#8211; \u00e0 convenir en fonction des conditions m\u00e9t\u00e9orologiques<br \/>\nport obligatoire du gilet de sauvetage jusque 12 ans pr\u00e9sent \u00e0 bord<\/p>\n<a href=\"https:\/\/marcella.be\/fr\/contactez-nous\/\" target=\"_self\" class=\"button secondary lowercase\"  >\n    <span>Contact<\/span>\n  <i class=\"icon-envelop\" ><\/i><\/a>\n\n\n\n\t\t<\/div>\n\t\t\t\t\t<\/div>\n\n\t\n\n<\/div>\n\n\t\t<\/div>\n\n\t\t\n<style>\n#section_1096107654 {\n  padding-top: 30px;\n  padding-bottom: 30px;\n  background-color: #303d4d;\n}\n<\/style>\n\t<\/section>\n\t\n<span class=\"scroll-to\" data-label=\"Scroll to: #prix\" data-bullet=\"true\" data-link=\"#prix\" data-title=\"Prix\"><a name=\"prix\"><\/a><\/span>\n\n\t<section class=\"section\" id=\"section_915424266\">\n\t\t<div class=\"bg section-bg fill bg-fill  bg-loaded\" >\n\n\t\t\t\n\t\t\t\n\t\t\t\n\n\t\t<\/div>\n\n\t\t<div class=\"section-content relative\">\n\t\t\t\n\n<div class=\"row\"  id=\"row-566896819\">\n\n\n\t<div id=\"col-1354858879\" class=\"col small-12 large-12\"  >\n\t\t\t\t<div class=\"col-inner text-center\"  >\n\t\t\t\n\t\t\t\n\n<h3>Prix &#8211; JOURN\u00c9E COMPL\u00c9TE<\/h3>\n\n\t\t<\/div>\n\t\t\t\t\t<\/div>\n\n\t\n\n<\/div>\n<div class=\"row align-equal align-center\"  id=\"row-439436569\">\n\n\n\t<div id=\"col-84778101\" class=\"col medium-8 small-12 large-4\"  >\n\t\t\t\t<div class=\"col-inner text-left\"  >\n\t\t\t\n\t\t\t\n\n<h3>P\u00eache au maquereau<\/h3>\n<h4><span style=\"font-size: 300%;\">80\u20ac<\/span><\/h4>\n\t<div id=\"gap-1227870049\" class=\"gap-element clearfix\" style=\"display:block; height:auto;\">\n\t\t\n<style>\n#gap-1227870049 {\n  padding-top: 10px;\n}\n<\/style>\n\t<\/div>\n\t\n\n<ul>\n<li class=\"bullet-checkmark\">Jusqu&rsquo;\u00e0 10 personnes !<\/li>\n<li class=\"bullet-checkmark\">Et \u00e9paves jusqu&rsquo;\u00e0 20 Milles 80\u20ac P.P.<\/li>\n<li class=\"bullet-checkmark\"><strong>Bateau complet ( -10% ) 720\u20ac <\/strong><\/li>\n<\/ul>\n<h3>DEMI-JOURN\u00c9E<\/h3>\n<ul>\n<li class=\"bullet-checkmark\">Au maquereau 60\u20ac P.P.<\/li>\n<li class=\"bullet-checkmark\">Bateau complet ( -10% ) 540\u20ac<\/li>\n<\/ul>\n\n\t\t<\/div>\n\t\t\t\t\t<\/div>\n\n\t\n\n\t<div id=\"col-1931889703\" class=\"col medium-8 small-12 large-4\"  >\n\t\t\t\t<div class=\"col-inner text-left\"  >\n\t\t\t\n\t\t\t\n\n<h3>Peche a l\u2019ancre<\/h3>\n<h4><span style=\"font-size: 300%;\">60\u20ac<\/span><\/h4>\n\t<div id=\"gap-1067865718\" class=\"gap-element clearfix\" style=\"display:block; height:auto;\">\n\t\t\n<style>\n#gap-1067865718 {\n  padding-top: 10px;\n}\n<\/style>\n\t<\/div>\n\t\n\n<ul>\n<li class=\"bullet-checkmark\">Jusqu&rsquo;\u00e0 10 personnes !<\/li>\n<li class=\"bullet-checkmark\">Sur la cote jusqu&rsquo;\u00e0 5 Milles 60\u20ac P.P<\/li>\n<li class=\"bullet-checkmark\"><strong>Bateau complet ( -10% ) 540\u20ac <\/strong><\/li>\n<\/ul>\n<h3>DEMI-JOURN\u00c9E<\/h3>\n<ul>\n<li class=\"bullet-checkmark\">A l&rsquo;ancre 50\u20ac P.P.<\/li>\n<li class=\"bullet-checkmark\">Bateau complet ( -10% ) 450\u20ac<\/li>\n<\/ul>\n\n\t\t<\/div>\n\t\t\t\t\t<\/div>\n\n\t\n\n\n<style>\n#row-439436569 > .col > .col-inner {\n  padding: 30px 30px 30px 30px;\n  background-color: rgb(255,255,255);\n}\n<\/style>\n<\/div>\n<div class=\"row\"  id=\"row-1303626903\">\n\n\n\t<div id=\"col-1939687033\" class=\"col small-12 large-12\"  >\n\t\t\t\t<div class=\"col-inner\"  >\n\t\t\t\n\t\t\t\n\n\t<div id=\"gap-1950676663\" class=\"gap-element clearfix\" style=\"display:block; height:auto;\">\n\t\t\n<style>\n#gap-1950676663 {\n  padding-top: 36px;\n}\n<\/style>\n\t<\/div>\n\t\n\n<p><strong>Location canne&nbsp; peche :<\/strong><\/p>\n<ul>\n<li class=\"bullet-arrow\">avec moulin et fil 8 \u20ac<\/li>\n<li class=\"bullet-arrow\">avec materi\u00e9lle, plomb, balance ou flasch 15 \u20ac<\/li>\n<\/ul>\n<p><strong>Pour la location compl\u00e9te du bateau il est demander un accompte de 200 \u20ac.<\/strong><\/p>\n<ul>\n<li><strong>Nom :<\/strong> Matagne Remy<\/li>\n<li><strong>Banque<\/strong> : BE51671675060962<\/li>\n<li><strong>BIC<\/strong> : EURBBE99<\/li>\n<li><strong>Communication<\/strong> : nom + date du depart .<\/li>\n<\/ul>\n<p>En cas d&rsquo; annulation de la sortie en&nbsp; l\u2019accompte sera rembours\u00e9e ou report\u00e9e \u00e0 une date ult\u00e9rieure de votre choix.<\/p>\n<p>En cas d\u2019annulation tardive&nbsp; moins de 14 jours avant le d\u00e9part aucune accompte ne sera rembours\u00e9e.<\/p>\n<a href=\"https:\/\/marcella.be\/fr\/contactez-nous\/\" target=\"_self\" class=\"button primary lowercase\"  >\n  <i class=\"icon-envelop\" ><\/i>  <span>Contact<\/span>\n  <\/a>\n\n\n\n\t\t<\/div>\n\t\t\t\t\t<\/div>\n\n\t\n\n<\/div>\n\n\t\t<\/div>\n\n\t\t\n<style>\n#section_915424266 {\n  padding-top: 60px;\n  padding-bottom: 60px;\n  background-color: rgb(245, 247, 251);\n}\n<\/style>\n\t<\/section>\n\t\n\n","protected":false},"excerpt":{"rendered":"","protected":false},"author":1,"featured_media":0,"parent":282,"menu_order":1,"comment_status":"closed","ping_status":"closed","template":"","meta":{"footnotes":""},"class_list":["post-421","page","type-page","status-publish","hentry"],"yoast_head":"<!-- This site is optimized with the Yoast SEO plugin v27.4 - https:\/\/yoast.com\/product\/yoast-seo-wordpress\/ -->\n<title>Marcella 3 - Marcella<\/title>\n<meta name=\"robots\" content=\"index, follow, max-snippet:-1, max-image-preview:large, max-video-preview:-1\" \/>\n<link rel=\"canonical\" href=\"https:\/\/marcella.be\/depart-et-prix\/marcella-3\/\" \/>\n<meta property=\"og:locale\" content=\"fr_FR\" \/>\n<meta property=\"og:type\" content=\"article\" \/>\n<meta property=\"og:title\" content=\"Marcella 3 - Marcella\" \/>\n<meta property=\"og:url\" content=\"https:\/\/marcella.be\/depart-et-prix\/marcella-3\/\" \/>\n<meta property=\"og:site_name\" content=\"Marcella\" \/>\n<meta property=\"article:modified_time\" content=\"2023-02-06T13:30:41+00:00\" \/>\n<meta name=\"twitter:card\" content=\"summary_large_image\" \/>\n<meta name=\"twitter:label1\" content=\"Dur\u00e9e de lecture estim\u00e9e\" \/>\n\t<meta name=\"twitter:data1\" content=\"2 minutes\" \/>\n<script type=\"application\/ld+json\" class=\"yoast-schema-graph\">{\"@context\":\"https:\\\/\\\/schema.org\",\"@graph\":[{\"@type\":\"WebPage\",\"@id\":\"https:\\\/\\\/marcella.be\\\/depart-et-prix\\\/marcella-3\\\/\",\"url\":\"https:\\\/\\\/marcella.be\\\/depart-et-prix\\\/marcella-3\\\/\",\"name\":\"Marcella 3 - Marcella\",\"isPartOf\":{\"@id\":\"https:\\\/\\\/marcella.be\\\/#website\"},\"datePublished\":\"2023-02-06T13:16:50+00:00\",\"dateModified\":\"2023-02-06T13:30:41+00:00\",\"breadcrumb\":{\"@id\":\"https:\\\/\\\/marcella.be\\\/depart-et-prix\\\/marcella-3\\\/#breadcrumb\"},\"inLanguage\":\"fr-FR\",\"potentialAction\":[{\"@type\":\"ReadAction\",\"target\":[\"https:\\\/\\\/marcella.be\\\/depart-et-prix\\\/marcella-3\\\/\"]}]},{\"@type\":\"BreadcrumbList\",\"@id\":\"https:\\\/\\\/marcella.be\\\/depart-et-prix\\\/marcella-3\\\/#breadcrumb\",\"itemListElement\":[{\"@type\":\"ListItem\",\"position\":1,\"name\":\"Home\",\"item\":\"https:\\\/\\\/marcella.be\\\/fr\\\/\"},{\"@type\":\"ListItem\",\"position\":2,\"name\":\"D\u00e9part et prix\",\"item\":\"https:\\\/\\\/marcella.be\\\/depart-et-prix\\\/\"},{\"@type\":\"ListItem\",\"position\":3,\"name\":\"Marcella 3\"}]},{\"@type\":\"WebSite\",\"@id\":\"https:\\\/\\\/marcella.be\\\/#website\",\"url\":\"https:\\\/\\\/marcella.be\\\/\",\"name\":\"Marcella\",\"description\":\"Vissersboot Oostende\",\"potentialAction\":[{\"@type\":\"SearchAction\",\"target\":{\"@type\":\"EntryPoint\",\"urlTemplate\":\"https:\\\/\\\/marcella.be\\\/?s={search_term_string}\"},\"query-input\":{\"@type\":\"PropertyValueSpecification\",\"valueRequired\":true,\"valueName\":\"search_term_string\"}}],\"inLanguage\":\"fr-FR\"}]}<\/script>\n<!-- \/ Yoast SEO plugin. -->","yoast_head_json":{"title":"Marcella 3 - Marcella","robots":{"index":"index","follow":"follow","max-snippet":"max-snippet:-1","max-image-preview":"max-image-preview:large","max-video-preview":"max-video-preview:-1"},"canonical":"https:\/\/marcella.be\/depart-et-prix\/marcella-3\/","og_locale":"fr_FR","og_type":"article","og_title":"Marcella 3 - Marcella","og_url":"https:\/\/marcella.be\/depart-et-prix\/marcella-3\/","og_site_name":"Marcella","article_modified_time":"2023-02-06T13:30:41+00:00","twitter_card":"summary_large_image","twitter_misc":{"Dur\u00e9e de lecture estim\u00e9e":"2 minutes"},"schema":{"@context":"https:\/\/schema.org","@graph":[{"@type":"WebPage","@id":"https:\/\/marcella.be\/depart-et-prix\/marcella-3\/","url":"https:\/\/marcella.be\/depart-et-prix\/marcella-3\/","name":"Marcella 3 - Marcella","isPartOf":{"@id":"https:\/\/marcella.be\/#website"},"datePublished":"2023-02-06T13:16:50+00:00","dateModified":"2023-02-06T13:30:41+00:00","breadcrumb":{"@id":"https:\/\/marcella.be\/depart-et-prix\/marcella-3\/#breadcrumb"},"inLanguage":"fr-FR","potentialAction":[{"@type":"ReadAction","target":["https:\/\/marcella.be\/depart-et-prix\/marcella-3\/"]}]},{"@type":"BreadcrumbList","@id":"https:\/\/marcella.be\/depart-et-prix\/marcella-3\/#breadcrumb","itemListElement":[{"@type":"ListItem","position":1,"name":"Home","item":"https:\/\/marcella.be\/fr\/"},{"@type":"ListItem","position":2,"name":"D\u00e9part et prix","item":"https:\/\/marcella.be\/depart-et-prix\/"},{"@type":"ListItem","position":3,"name":"Marcella 3"}]},{"@type":"WebSite","@id":"https:\/\/marcella.be\/#website","url":"https:\/\/marcella.be\/","name":"Marcella","description":"Vissersboot Oostende","potentialAction":[{"@type":"SearchAction","target":{"@type":"EntryPoint","urlTemplate":"https:\/\/marcella.be\/?s={search_term_string}"},"query-input":{"@type":"PropertyValueSpecification","valueRequired":true,"valueName":"search_term_string"}}],"inLanguage":"fr-FR"}]}},"_links":{"self":[{"href":"https:\/\/marcella.be\/fr\/wp-json\/wp\/v2\/pages\/421","targetHints":{"allow":["GET"]}}],"collection":[{"href":"https:\/\/marcella.be\/fr\/wp-json\/wp\/v2\/pages"}],"about":[{"href":"https:\/\/marcella.be\/fr\/wp-json\/wp\/v2\/types\/page"}],"author":[{"embeddable":true,"href":"https:\/\/marcella.be\/fr\/wp-json\/wp\/v2\/users\/1"}],"replies":[{"embeddable":true,"href":"https:\/\/marcella.be\/fr\/wp-json\/wp\/v2\/comments?post=421"}],"version-history":[{"count":7,"href":"https:\/\/marcella.be\/fr\/wp-json\/wp\/v2\/pages\/421\/revisions"}],"predecessor-version":[{"id":430,"href":"https:\/\/marcella.be\/fr\/wp-json\/wp\/v2\/pages\/421\/revisions\/430"}],"up":[{"embeddable":true,"href":"https:\/\/marcella.be\/fr\/wp-json\/wp\/v2\/pages\/282"}],"wp:attachment":[{"href":"https:\/\/marcella.be\/fr\/wp-json\/wp\/v2\/media?parent=421"}],"curies":[{"name":"wp","href":"https:\/\/api.w.org\/{rel}","templated":true}]}}